{"id":605,"date":"2017-03-20T09:44:43","date_gmt":"2017-03-20T09:44:43","guid":{"rendered":"http:\/\/servizitransferistanbul.com\/?page_id=605"},"modified":"2023-08-08T21:40:25","modified_gmt":"2023-08-08T21:40:25","slug":"chisiamo","status":"publish","type":"page","link":"https:\/\/servizitransferistanbul.com\/?page_id=605","title":{"rendered":"Chi Siamo"},"content":{"rendered":"<section class=\"wpb-content-wrapper\"><p>[vc_row][vc_column][vc_empty_space height=&#8221;3.2rem&#8221; alter_height=&#8221;none&#8221; hide_on_mobile=&#8221;1&#8243;][vc_empty_space alter_height=&#8221;huge&#8221; hide_on_mobile=&#8221;&#8221;]<div  id=\"sc_promo_1734225295\" \n\tclass=\"sc_promo color_style_default sc_promo_default sc_promo_size_normal sc_promo_no_paddings sc_promo_image_position_right\"><div class=\"sc_promo_image\" style=\"background-image:url(https:\/\/servizitransferistanbul.com\/wp-content\/uploads\/2023\/08\/World-Airport-Taxi-havalimani-transferi-696x461-1.jpg);width:51%;right: 0;\"><\/div><div class=\"sc_promo_text\" style=\"width: 49%;float: left;\">\n\t\t\t<div class=\"sc_promo_text_inner sc_content_width_49%\" style=\"\"><div class=\"sc_promo_content sc_item_content\">[vc_empty_space height=&#8221;1.45rem&#8221; alter_height=&#8221;none&#8221; hide_on_mobile=&#8221;1&#8243;][vc_empty_space alter_height=&#8221;small&#8221; hide_on_mobile=&#8221;&#8221;]<div id=\"sc_title_1713290519\"\n\t\tclass=\"sc_title color_style_default sc_title_default\"><h6 class=\"sc_item_subtitle sc_title_subtitle sc_align_left sc_item_title_style_default\">Chi Siamo<\/h6><h2 class=\"sc_item_title sc_title_title sc_align_left sc_item_title_style_default sc_item_title_tag\">Da oltre 10 anni al servizio dei nostri passeggeri<\/h2><div class=\"sc_item_descr sc_title_descr sc_align_left\"><p>Viaggiare comodi e sicuri sono i principali valori del nostro servizio. L\u2019azienda Servizi Transfer \u0130stanbul si impegna da sempre per garantire un servizio in linea con i pi\u00f9 alti standard qualitativi.<\/p>\n<\/div><\/div><!-- \/.sc_title -->[vc_empty_space height=&#8221;0.65rem&#8221; alter_height=&#8221;none&#8221; hide_on_mobile=&#8221;&#8221;][vc_progress_bar values=&#8221;%5B%7B%22label%22%3A%22CLIENTI%20SODDISFATTI%22%2C%22value%22%3A%22100%22%7D%2C%7B%22label%22%3A%22VETTURE%20ESCLUSIVE%22%2C%22value%22%3A%2298%22%7D%2C%7B%22label%22%3A%22CHILOMETRI%20PERCORSI%22%2C%22value%22%3A%2297%22%7D%2C%7B%22label%22%3A%22CONDUCENTI%20QUALIFICATI%22%2C%22value%22%3A%22100%22%7D%5D&#8221; bgcolor=&#8221;bar_black&#8221; narrow=&#8221;1&#8243;][vc_empty_space height=&#8221;2.7rem&#8221; alter_height=&#8221;none&#8221; hide_on_mobile=&#8221;&#8221;]<\/div><\/div>\n\t\t<\/div><!-- \/.sc_promo_text --><\/div><!-- \/.sc_promo -->[vc_empty_space alter_height=&#8221;huge&#8221; hide_on_mobile=&#8221;1&#8243;]<div id=\"sc_title_795145216\"\n\t\tclass=\"sc_title color_style_default sc_title_default\"><h5 class=\"sc_item_title sc_title_title sc_align_left sc_item_title_style_default sc_item_title_tag\">FONDAZIONE<\/h5><div class=\"sc_item_descr sc_title_descr sc_align_left\"><p>Servizi Transfer \u0130stanbul nasce da un\u2019idea e dall\u2019esperienza decennale di Cem Kartal, titolare e fondatore dell\u2019azienda. Sin dalla nascita, l\u2019attivit\u00e0 aziendale \u00e8 stata in continua evoluzione per assicurare ai propri clienti servizi di noleggio con conducente in linea con i pi\u00f9 alti standard del settore.<\/p>\n<\/div><\/div><!-- \/.sc_title --><div id=\"sc_title_879522020\"\n\t\tclass=\"sc_title color_style_default sc_title_default  vc_custom_1691506757814\"><h5 class=\"sc_item_title sc_title_title sc_align_left sc_item_title_style_default sc_item_title_tag\">MISSION<\/h5><div class=\"sc_item_descr sc_title_descr sc_align_left\"><p>La nostra missione \u00e8 garantire sempre e a tutti i nostri clienti caratteristiche fondamentali di servizio, quali: puntualit\u00e0, eleganza, cortesia e conoscenza delle lingue straniere. Uno staff organizzativo preparato ed in grado di risolvere qualsiasi emergenza o problema last minute.<\/p>\n<\/div><\/div><!-- \/.sc_title --><div id=\"sc_title_2127852878\"\n\t\tclass=\"sc_title color_style_default sc_title_default\"><h5 class=\"sc_item_title sc_title_title sc_align_left sc_item_title_style_default sc_item_title_tag\">VISION<\/h5><div class=\"sc_item_descr sc_title_descr sc_align_left\"><p>In tutti questi anni ci siamo sempre chiesti: cosa desidera il cliente che si rivolge a noi?<\/p>\n<p>\u201cProfessionalit\u00e0, flessibilit\u00e0 e precisione\u201d. Questa \u00e8 la tipica risposta di un cliente. E noi ne abbiamo fatto la nostra visione aziendale.<\/p>\n<\/div><\/div><!-- \/.sc_title -->[vc_empty_space alter_height=&#8221;huge&#8221; hide_on_mobile=&#8221;&#8221;][\/vc_column][\/vc_row][vc_row full_width=&#8221;stretch_row&#8221; css=&#8221;.vc_custom_1691505739031{background: rgba(10,10,10,0.45) url(http:\/\/servizitransferistanbul.com\/wp-content\/uploads\/2023\/08\/s1_Artboard-1.jpg?id=1503) !important;background-position: center !important;background-repeat: no-repeat !important;background-size: cover !important;*background-color: rgb(10,10,10) !important;}&#8221;][vc_column icons_position=&#8221;left&#8221;][vc_row_inner][vc_column_inner icons_position=&#8221;left&#8221;][vc_empty_space height=&#8221;2.8rem&#8221; alter_height=&#8221;none&#8221; hide_on_mobile=&#8221;1&#8243;][vc_empty_space alter_height=&#8221;huge&#8221; hide_on_mobile=&#8221;&#8221;][vc_custom_heading text=&#8221;Ogni giorno per soddisfarvi&#8221; font_container=&#8221;tag:h2|font_size:5.88rem|text_align:left|color:%23ffffff|line_height:1.1em&#8221; use_theme_fonts=&#8221;yes&#8221; el_class=&#8221;fw700&#8243; css=&#8221;.vc_custom_1691504752543{margin-top: 0px !important;margin-bottom: 0.7rem !important;}&#8221; link=&#8221;url:tel%3A(718)%20999-2200|title:(718)%20999-2200||&#8221;][vc_custom_heading text=&#8221;Facciamo tesoro di ogni servizio effettuato<br \/>\nper rendere il vostro viaggio un&#8217; esperienza di mobilit\u00e0 senza eguali.&#8221; font_container=&#8221;tag:h6|font_size:1.7647rem|text_align:left|color:%23ffffff|line_height:2.2rem&#8221; use_theme_fonts=&#8221;yes&#8221; el_class=&#8221;fw400&#8243; css=&#8221;.vc_custom_1691504626642{margin-top: 0px !important;margin-bottom: 2rem !important;}&#8221;][vc_empty_space alter_height=&#8221;huge&#8221; hide_on_mobile=&#8221;&#8221;][vc_empty_space height=&#8221;2.8rem&#8221; alter_height=&#8221;none&#8221; hide_on_mobile=&#8221;1&#8243;][\/vc_column_inner][\/vc_row_inner][\/vc_column][\/vc_row][vc_row full_width=&#8221;stretch_row&#8221; content_placement=&#8221;middle&#8221; css=&#8221;.vc_custom_1691506512554{background-image: url(http:\/\/servizitransferistanbul.com\/wp-content\/uploads\/2023\/02\/pexels-aykut-kilic-7386650-scaled.jpg?id=1480) !important;background-position: center !important;background-repeat: no-repeat !important;background-size: cover !important;}&#8221;][vc_column][vc_single_image image=&#8221;1455&#8243; img_size=&#8221;full&#8221; alignment=&#8221;center&#8221; css=&#8221;.vc_custom_1691506550046{background-position: center !important;background-repeat: no-repeat !important;background-size: contain !important;}&#8221;][\/vc_column][\/vc_row]<\/p>\n<\/section>","protected":false},"excerpt":{"rendered":"<p>[vc_row][vc_column][vc_empty_space height=&#8221;3.2rem&#8221; alter_height=&#8221;none&#8221; hide_on_mobile=&#8221;1&#8243;][vc_empty_space alter_height=&#8221;huge&#8221; hide_on_mobile=&#8221;&#8221;][vc_empty_space alter_height=&#8221;huge&#8221; hide_on_mobile=&#8221;1&#8243;][vc_empty_space alter_height=&#8221;huge&#8221; hide_on_mobile=&#8221;&#8221;][\/vc_column][\/vc_row][vc_row full_width=&#8221;stretch_row&#8221; css=&#8221;.vc_custom_1691505739031{background: rgba(10,10,10,0.45) url(http:\/\/servizitransferistanbul.com\/wp-content\/uploads\/2023\/08\/s1_Artboard-1.jpg?id=1503) !important;background-position: center !important;background-repeat: no-repeat !important;background-size: cover !important;*background-color: rgb(10,10,10) !important;}&#8221;][vc_column icons_position=&#8221;left&#8221;][vc_row_inner][vc_column_inner icons_position=&#8221;left&#8221;][vc_empty_space height=&#8221;2.8rem&#8221; alter_height=&#8221;none&#8221; hide_on_mobile=&#8221;1&#8243;][vc_empty_space alter_height=&#8221;huge&#8221; hide_on_mobile=&#8221;&#8221;][vc_custom_heading text=&#8221;Ogni giorno per soddisfarvi&#8221; font_container=&#8221;tag:h2|font_size:5.88rem|text_align:left|color:%23ffffff|line_height:1.1em&#8221; use_theme_fonts=&#8221;yes&#8221; el_class=&#8221;fw700&#8243; css=&#8221;.vc_custom_1691504752543{margin-top: 0px !important;margin-bottom:&hellip;<\/p>\n","protected":false},"author":1,"featured_media":0,"parent":0,"menu_order":0,"comment_status":"closed","ping_status":"closed","template":"","meta":{"_joinchat":[]},"_links":{"self":[{"href":"https:\/\/servizitransferistanbul.com\/index.php?rest_route=\/wp\/v2\/pages\/605"}],"collection":[{"href":"https:\/\/servizitransferistanbul.com\/index.php?rest_route=\/wp\/v2\/pages"}],"about":[{"href":"https:\/\/servizitransferistanbul.com\/index.php?rest_route=\/wp\/v2\/types\/page"}],"author":[{"embeddable":true,"href":"https:\/\/servizitransferistanbul.com\/index.php?rest_route=\/wp\/v2\/users\/1"}],"replies":[{"embeddable":true,"href":"https:\/\/servizitransferistanbul.com\/index.php?rest_route=%2Fwp%2Fv2%2Fcomments&post=605"}],"version-history":[{"count":2,"href":"https:\/\/servizitransferistanbul.com\/index.php?rest_route=\/wp\/v2\/pages\/605\/revisions"}],"predecessor-version":[{"id":1505,"href":"https:\/\/servizitransferistanbul.com\/index.php?rest_route=\/wp\/v2\/pages\/605\/revisions\/1505"}],"wp:attachment":[{"href":"https:\/\/servizitransferistanbul.com\/index.php?rest_route=%2Fwp%2Fv2%2Fmedia&parent=605"}],"curies":[{"name":"wp","href":"https:\/\/api.w.org\/{rel}","templated":true}]}}