{"id":611,"date":"2017-03-20T09:45:14","date_gmt":"2017-03-20T09:45:14","guid":{"rendered":"http:\/\/servizitransferistanbul.com\/?page_id=611"},"modified":"2023-09-20T07:49:55","modified_gmt":"2023-09-20T07:49:55","slug":"contacts","status":"publish","type":"page","link":"https:\/\/servizitransferistanbul.com\/?page_id=611","title":{"rendered":"Contatti"},"content":{"rendered":"<section class=\"wpb-content-wrapper\"><p>[vc_row][vc_column icons_position=&#8221;left&#8221;][vc_empty_space height=&#8221;3.6rem&#8221; alter_height=&#8221;none&#8221; hide_on_mobile=&#8221;1&#8243;][vc_empty_space alter_height=&#8221;large&#8221; hide_on_mobile=&#8221;&#8221;][\/vc_column][\/vc_row][vc_row][vc_column width=&#8221;1\/2&#8243; icons_position=&#8221;left&#8221;]<div id=\"sc_googlemap_1759427306_wrap\" class=\"sc_googlemap_wrap\"><div id=\"sc_googlemap_1759427306\"\n\t\t\tclass=\"sc_googlemap sc_googlemap_default\"\n\t\t\t style=\"width:100%;height:630px;\"\t\t\tdata-zoom=\"12\"\n\t\t\tdata-style=\"default\"\n\t\t\tdata-cluster-icon=\"\"\n        ><iframe\n                    src=\"https:\/\/maps.google.com\/maps?t=m&output=embed&iwloc=near&z=12&q=%C3%87oban%C3%A7e%C5%9Fme%2C+ATAK%C3%96Y+7-8-9-10.MAH%2C+Yan+Yol+NO%3A+8%2C+34158+Bak%C4%B1rk%C3%B6y%2F%C4%B0stanbul\"\n                    scrolling=\"no\"\n                    marginheight=\"0\"\n                    marginwidth=\"0\"\n                    frameborder=\"0\"\n                    aria-label=\"\"><\/iframe><\/div><\/div><!-- \/.sc_googlemap_wrap -->[vc_empty_space alter_height=&#8221;large&#8221; hide_on_mobile=&#8221;&#8221;][\/vc_column][vc_column width=&#8221;1\/12&#8243; offset=&#8221;vc_hidden-sm vc_hidden-xs&#8221;][\/vc_column][vc_column width=&#8221;5\/12&#8243; icons_position=&#8221;left&#8221;][vc_empty_space alter_height=&#8221;medium&#8221; hide_on_mobile=&#8221;&#8221;]<div id=\"sc_icons_779991354\" \n\tclass=\"sc_icons sc_icons_default sc_icons_size_small sc_align_left\"><h6 class=\"sc_item_subtitle sc_icons_subtitle sc_align_left sc_item_title_style_default\">Contattateci<\/h6><h2 class=\"sc_item_title sc_icons_title sc_align_left sc_item_title_style_default sc_item_title_tag\">Contatti<\/h2><div class=\"sc_item_descr sc_icons_descr sc_align_left\"><p>Contattateci immediatamente per ottenere il prezzo pi\u00f9 conveniente e un servizio di qualit\u00e0, lasciate che vi offriamo un comodo tour in Istanbul!<\/p>\n<\/div><div class=\"sc_icons_item\"><div id=\"sc_icons_779991354_icon-placeholder\" class=\"sc_icons_icon sc_icon_type_fontawesome icon-placeholder\"\n\t\t\t\t\t\t\t\t\t\t\t\t><span class=\"sc_icon_type_fontawesome icon-placeholder\"><\/span><\/div><div class=\"sc_icons_item_description\"><span>\u00c7oban\u00e7e\u015fme, ATAK\u00d6Y 7-8-9-10.MAH, Yan Yol NO: 8, 34158 Bak\u0131rk\u00f6y\/\u0130stanbul<\/span><\/div><\/div><div class=\"sc_icons_item sc_icons_item_linked\"><div id=\"sc_icons_779991354_icon-mega-smartphone\" class=\"sc_icons_icon sc_icon_type_fontawesome icon-mega-smartphone\"\n\t\t\t\t\t\t\t\t\t\t\t\t><span class=\"sc_icon_type_fontawesome icon-mega-smartphone\"><\/span><\/div><div class=\"sc_icons_item_description\"><span>+90 530 760 70 60<\/span><\/div><a href=\"tel:%20+90%20530%20760%2070%2060\" class=\"sc_icons_item_link\"><\/a><\/div><div class=\"sc_icons_item sc_icons_item_linked\"><div id=\"sc_icons_779991354_icon-contact\" class=\"sc_icons_icon sc_icon_type_fontawesome icon-contact\"\n\t\t\t\t\t\t\t\t\t\t\t\t><span class=\"sc_icon_type_fontawesome icon-contact\"><\/span><\/div><div class=\"sc_icons_item_description\"><span>info@servizitransferistanbul.com<\/span><\/div><a href=\"mailto:info@servizitransferistanbul.com\" class=\"sc_icons_item_link\"><\/a><\/div><\/div><!-- \/.sc_icons -->[vc_empty_space alter_height=&#8221;large&#8221; hide_on_mobile=&#8221;&#8221;][\/vc_column][\/vc_row][vc_row][vc_column icons_position=&#8221;left&#8221;][vc_empty_space height=&#8221;3.6rem&#8221; alter_height=&#8221;none&#8221; hide_on_mobile=&#8221;1&#8243;][\/vc_column][\/vc_row][vc_row full_width=&#8221;stretch_row&#8221; css=&#8221;.vc_custom_1490018620573{background-color: #f8f8f8 !important;}&#8221;][vc_column icons_position=&#8221;left&#8221;][vc_empty_space alter_height=&#8221;medium&#8221; hide_on_mobile=&#8221;&#8221;][vc_empty_space alter_height=&#8221;small&#8221; hide_on_mobile=&#8221;1,3&#8243;][vc_empty_space alter_height=&#8221;small&#8221; hide_on_mobile=&#8221;1&#8243;]<div id=\"sc_content_251487191\"\n\t\tclass=\"sc_content color_style_default sc_content_default sc_float_center sc_content_width_2_3\"><div class=\"sc_content_container\">\n<div class=\"wpcf7 no-js\" id=\"wpcf7-f1344-o1\" lang=\"en-US\" dir=\"ltr\">\n<div class=\"screen-reader-response\"><p role=\"status\" aria-live=\"polite\" aria-atomic=\"true\"><\/p> <ul><\/ul><\/div>\n<form action=\"\/index.php?rest_route=%2Fwp%2Fv2%2Fpages%2F611#wpcf7-f1344-o1\" method=\"post\" class=\"wpcf7-form init wpcf7-acceptance-as-validation\" aria-label=\"Contact form\" novalidate=\"novalidate\" data-status=\"init\">\n<div style=\"display: none;\">\n<input type=\"hidden\" name=\"_wpcf7\" value=\"1344\" \/>\n<input type=\"hidden\" name=\"_wpcf7_version\" value=\"5.7.4\" \/>\n<input type=\"hidden\" name=\"_wpcf7_locale\" value=\"en_US\" \/>\n<input type=\"hidden\" name=\"_wpcf7_unit_tag\" value=\"wpcf7-f1344-o1\" \/>\n<input type=\"hidden\" name=\"_wpcf7_container_post\" value=\"0\" \/>\n<input type=\"hidden\" name=\"_wpcf7_posted_data_hash\" value=\"\" \/>\n<\/div>\n<h2 class=\"sc_item_title sc_form_title sc_align_center sc_item_title_style_default\">Inviare il messaggio\n<\/h2>\n<div class=\"trx_addons_columns_wrap\">\n\t<div class=\"trx_addons_column-1_2\">\n\t\t<p><label><br \/>\nNome <sup>*<\/sup><br \/>\n<span class=\"wpcf7-form-control-wrap\" data-name=\"your-name\"><input size=\"40\" class=\"wpcf7-form-control wpcf7-text wpcf7-validates-as-required\" aria-required=\"true\" aria-invalid=\"false\" value=\"\" type=\"text\" name=\"your-name\" \/><\/span><br \/>\n<\/label>\n\t\t<\/p>\n\t<\/div>\n\t<div class=\"trx_addons_column-1_2\">\n\t\t<p><label><br \/>\nE-mail <sup>*<\/sup><br \/>\n<span class=\"wpcf7-form-control-wrap\" data-name=\"your-email\"><input size=\"40\" class=\"wpcf7-form-control wpcf7-text wpcf7-email wpcf7-validates-as-required wpcf7-validates-as-email\" aria-required=\"true\" aria-invalid=\"false\" value=\"\" type=\"email\" name=\"your-email\" \/><\/span><br \/>\n<\/label>\n\t\t<\/p>\n\t<\/div>\n<\/div>\n<div class=\"sc_form_field\">\n\t<p>Messaggio <sup>*<\/sup><br \/>\n<span class=\"wpcf7-form-control-wrap\" data-name=\"message\"><textarea cols=\"40\" rows=\"3\" class=\"wpcf7-form-control wpcf7-textarea wpcf7-validates-as-required\" aria-required=\"true\" aria-invalid=\"false\" name=\"message\"><\/textarea><\/span>\n\t<\/p>\n<\/div>\n<p><span class=\"wpcf7-form-control-wrap\" data-name=\"acceptance-441\"><span class=\"wpcf7-form-control wpcf7-acceptance\"><span class=\"wpcf7-list-item\"><label><input type=\"checkbox\" name=\"acceptance-441\" value=\"1\" aria-invalid=\"false\" \/><span class=\"wpcf7-list-item-label\">Utilizzando il presente modulo si acconsente alla memorizzazione e al trattamento dei dati da parte di questo sito web.<\/span><\/label><\/span><\/span><\/span>\n<\/p>\n<div class=\"sc_form_field sc_form_field_button sc_form\">\n\t<p><button id='submit' class='wpcf7-form-control wpcf7-submit'>Invia Messaggio<\/button>\n\t<\/p>\n<\/div><div class=\"wpcf7-response-output\" aria-hidden=\"true\"><\/div>\n<\/form>\n<\/div>\n<\/div><\/div><!-- \/.sc_content -->[vc_empty_space height=&#8221;2.4rem&#8221; alter_height=&#8221;none&#8221; hide_on_mobile=&#8221;&#8221;][vc_empty_space alter_height=&#8221;small&#8221; hide_on_mobile=&#8221;1&#8243;][vc_empty_space alter_height=&#8221;small&#8221; hide_on_mobile=&#8221;1,3&#8243;][\/vc_column][\/vc_row]<\/p>\n<\/section>","protected":false},"excerpt":{"rendered":"<p>[vc_row][vc_column icons_position=&#8221;left&#8221;][vc_empty_space height=&#8221;3.6rem&#8221; alter_height=&#8221;none&#8221; hide_on_mobile=&#8221;1&#8243;][vc_empty_space alter_height=&#8221;large&#8221; hide_on_mobile=&#8221;&#8221;][\/vc_column][\/vc_row][vc_row][vc_column width=&#8221;1\/2&#8243; icons_position=&#8221;left&#8221;][vc_empty_space alter_height=&#8221;large&#8221; hide_on_mobile=&#8221;&#8221;][\/vc_column][vc_column width=&#8221;1\/12&#8243; offset=&#8221;vc_hidden-sm vc_hidden-xs&#8221;][\/vc_column][vc_column width=&#8221;5\/12&#8243; icons_position=&#8221;left&#8221;][vc_empty_space alter_height=&#8221;medium&#8221; hide_on_mobile=&#8221;&#8221;][vc_empty_space alter_height=&#8221;large&#8221; hide_on_mobile=&#8221;&#8221;][\/vc_column][\/vc_row][vc_row][vc_column icons_position=&#8221;left&#8221;][vc_empty_space height=&#8221;3.6rem&#8221; alter_height=&#8221;none&#8221; hide_on_mobile=&#8221;1&#8243;][\/vc_column][\/vc_row][vc_row full_width=&#8221;stretch_row&#8221; css=&#8221;.vc_custom_1490018620573{background-color: #f8f8f8 !important;}&#8221;][vc_column icons_position=&#8221;left&#8221;][vc_empty_space alter_height=&#8221;medium&#8221; hide_on_mobile=&#8221;&#8221;][vc_empty_space alter_height=&#8221;small&#8221; hide_on_mobile=&#8221;1,3&#8243;][vc_empty_space alter_height=&#8221;small&#8221; hide_on_mobile=&#8221;1&#8243;][vc_empty_space height=&#8221;2.4rem&#8221; alter_height=&#8221;none&#8221; hide_on_mobile=&#8221;&#8221;][vc_empty_space alter_height=&#8221;small&#8221; hide_on_mobile=&#8221;1&#8243;][vc_empty_space&hellip;<\/p>\n","protected":false},"author":1,"featured_media":0,"parent":0,"menu_order":0,"comment_status":"closed","ping_status":"closed","template":"","meta":{"_joinchat":[]},"_links":{"self":[{"href":"https:\/\/servizitransferistanbul.com\/index.php?rest_route=\/wp\/v2\/pages\/611"}],"collection":[{"href":"https:\/\/servizitransferistanbul.com\/index.php?rest_route=\/wp\/v2\/pages"}],"about":[{"href":"https:\/\/servizitransferistanbul.com\/index.php?rest_route=\/wp\/v2\/types\/page"}],"author":[{"embeddable":true,"href":"https:\/\/servizitransferistanbul.com\/index.php?rest_route=\/wp\/v2\/users\/1"}],"replies":[{"embeddable":true,"href":"https:\/\/servizitransferistanbul.com\/index.php?rest_route=%2Fwp%2Fv2%2Fcomments&post=611"}],"version-history":[{"count":4,"href":"https:\/\/servizitransferistanbul.com\/index.php?rest_route=\/wp\/v2\/pages\/611\/revisions"}],"predecessor-version":[{"id":1524,"href":"https:\/\/servizitransferistanbul.com\/index.php?rest_route=\/wp\/v2\/pages\/611\/revisions\/1524"}],"wp:attachment":[{"href":"https:\/\/servizitransferistanbul.com\/index.php?rest_route=%2Fwp%2Fv2%2Fmedia&parent=611"}],"curies":[{"name":"wp","href":"https:\/\/api.w.org\/{rel}","templated":true}]}}